{"id":9886,"date":"2020-07-22T22:39:27","date_gmt":"2020-07-22T22:39:27","guid":{"rendered":"https:\/\/leitza.eus\/ongietorria\/"},"modified":"2020-07-26T05:24:24","modified_gmt":"2020-07-26T05:24:24","slug":"bienvenida","status":"publish","type":"page","link":"https:\/\/www.leitza.eus\/es\/bienvenida\/","title":{"rendered":"Bienvenida"},"content":{"rendered":"<section class=\"l-section wpb_row height_medium\"><div class=\"l-section-h i-cf\"><div class=\"g-cols vc_row type_default valign_top\"><div class=\"vc_col-sm-8 wpb_column vc_column_container\"><div class=\"vc_column-inner\"><div class=\"wpb_wrapper\"><div class=\"w-image align_center animate_fade\"><div class=\"w-image-h\"><img width=\"600\" height=\"600\" src=\"https:\/\/www.leitza.eus\/wp-content\/uploads\/2020\/07\/Ongietorria-bisitariei-WEB-perurenak-1-600x600.jpg\" class=\"attachment-us_600_600_crop size-us_600_600_crop\" alt=\"\" decoding=\"async\" loading=\"lazy\" srcset=\"https:\/\/www.leitza.eus\/wp-content\/uploads\/2020\/07\/Ongietorria-bisitariei-WEB-perurenak-1-600x600.jpg 600w, https:\/\/www.leitza.eus\/wp-content\/uploads\/2020\/07\/Ongietorria-bisitariei-WEB-perurenak-1-300x300.jpg 300w, https:\/\/www.leitza.eus\/wp-content\/uploads\/2020\/07\/Ongietorria-bisitariei-WEB-perurenak-1-1024x1024.jpg 1024w, https:\/\/www.leitza.eus\/wp-content\/uploads\/2020\/07\/Ongietorria-bisitariei-WEB-perurenak-1-150x150.jpg 150w\" sizes=\"(max-width: 600px) 100vw, 600px\" \/><\/div><\/div><\/div><\/div><\/div><div class=\"vc_col-sm-4 wpb_column vc_column_container\"><div class=\"vc_column-inner\"><div class=\"wpb_wrapper\"><div class=\"w-separator size_medium\"><\/div><div class=\"wpb_text_column\" ><div class=\"wpb_wrapper\"><h4 style=\"text-align: center;\">Bienvenida al \/ a la visitante<\/h4>\n<p style=\"text-align: center;\">Soy leitzarra<\/p>\n<p style=\"text-align: center;\">amo mi pueblo<\/p>\n<p style=\"text-align: center;\">y cada d\u00eda<\/p>\n<p style=\"text-align: center;\">me atrae m\u00e1s.<\/p>\n<p style=\"text-align: center;\">No voy a empezar a decir<\/p>\n<p style=\"text-align: center;\">qu\u00e9, qui\u00e9n o por qu\u00e9.<\/p>\n<p style=\"text-align: center;\">Les invito a venir y a verlo,<\/p>\n<p style=\"text-align: center;\">a percibirlo por ustedes mismos.<\/p>\n<p style=\"text-align: center;\">\u00a1H\u00e1ganlo y no se arrepentir\u00e1n!<\/p>\n<\/div><\/div><\/div><\/div><\/div><\/div><\/div><\/section>\n","protected":false},"excerpt":{"rendered":"Bienvenida al \/ a la visitante Soy leitzarra amo mi pueblo y cada d\u00eda me atrae m\u00e1s. No voy a empezar a decir qu\u00e9, qui\u00e9n o por qu\u00e9. Les invito a venir y a verlo, a percibirlo por ustedes mismos. \u00a1H\u00e1ganlo y no se arrepentir\u00e1n!","protected":false},"author":3,"featured_media":0,"parent":0,"menu_order":0,"comment_status":"closed","ping_status":"closed","template":"","meta":[],"yoast_head":"<!-- This site is optimized with the Yoast SEO plugin v20.5 - https:\/\/yoast.com\/wordpress\/plugins\/seo\/ -->\n<title>Bienvenida - Leitzako udala<\/title>\n<meta name=\"robots\" content=\"index, follow, max-snippet:-1, max-image-preview:large, max-video-preview:-1\" \/>\n<link rel=\"canonical\" href=\"https:\/\/www.leitza.eus\/es\/bienvenida\/\" \/>\n<meta property=\"og:locale\" content=\"es_ES\" \/>\n<meta property=\"og:type\" content=\"article\" \/>\n<meta property=\"og:title\" content=\"Bienvenida - Leitzako udala\" \/>\n<meta property=\"og:url\" content=\"https:\/\/www.leitza.eus\/es\/bienvenida\/\" \/>\n<meta property=\"og:site_name\" content=\"Leitzako udala\" \/>\n<meta property=\"article:modified_time\" content=\"2020-07-26T05:24:24+00:00\" \/>\n<meta name=\"twitter:card\" content=\"summary_large_image\" \/>\n<script type=\"application\/ld+json\" class=\"yoast-schema-graph\">{\"@context\":\"https:\/\/schema.org\",\"@graph\":[{\"@type\":\"WebPage\",\"@id\":\"https:\/\/www.leitza.eus\/es\/bienvenida\/\",\"url\":\"https:\/\/www.leitza.eus\/es\/bienvenida\/\",\"name\":\"Bienvenida - Leitzako udala\",\"isPartOf\":{\"@id\":\"https:\/\/www.leitza.eus\/es\/#website\"},\"datePublished\":\"2020-07-22T22:39:27+00:00\",\"dateModified\":\"2020-07-26T05:24:24+00:00\",\"breadcrumb\":{\"@id\":\"https:\/\/www.leitza.eus\/es\/bienvenida\/#breadcrumb\"},\"inLanguage\":\"es\",\"potentialAction\":[{\"@type\":\"ReadAction\",\"target\":[\"https:\/\/www.leitza.eus\/es\/bienvenida\/\"]}]},{\"@type\":\"BreadcrumbList\",\"@id\":\"https:\/\/www.leitza.eus\/es\/bienvenida\/#breadcrumb\",\"itemListElement\":[{\"@type\":\"ListItem\",\"position\":1,\"name\":\"Home\",\"item\":\"https:\/\/www.leitza.eus\/es\/\"},{\"@type\":\"ListItem\",\"position\":2,\"name\":\"Bienvenida\"}]},{\"@type\":\"WebSite\",\"@id\":\"https:\/\/www.leitza.eus\/es\/#website\",\"url\":\"https:\/\/www.leitza.eus\/es\/\",\"name\":\"Leitzako udala\",\"description\":\"Leitzako udalaren webgunea\",\"potentialAction\":[{\"@type\":\"SearchAction\",\"target\":{\"@type\":\"EntryPoint\",\"urlTemplate\":\"https:\/\/www.leitza.eus\/es\/?s={search_term_string}\"},\"query-input\":\"required name=search_term_string\"}],\"inLanguage\":\"es\"}]}<\/script>\n<!-- \/ Yoast SEO plugin. -->","yoast_head_json":{"title":"Bienvenida - Leitzako udala","robots":{"index":"index","follow":"follow","max-snippet":"max-snippet:-1","max-image-preview":"max-image-preview:large","max-video-preview":"max-video-preview:-1"},"canonical":"https:\/\/www.leitza.eus\/es\/bienvenida\/","og_locale":"es_ES","og_type":"article","og_title":"Bienvenida - Leitzako udala","og_url":"https:\/\/www.leitza.eus\/es\/bienvenida\/","og_site_name":"Leitzako udala","article_modified_time":"2020-07-26T05:24:24+00:00","twitter_card":"summary_large_image","schema":{"@context":"https:\/\/schema.org","@graph":[{"@type":"WebPage","@id":"https:\/\/www.leitza.eus\/es\/bienvenida\/","url":"https:\/\/www.leitza.eus\/es\/bienvenida\/","name":"Bienvenida - Leitzako udala","isPartOf":{"@id":"https:\/\/www.leitza.eus\/es\/#website"},"datePublished":"2020-07-22T22:39:27+00:00","dateModified":"2020-07-26T05:24:24+00:00","breadcrumb":{"@id":"https:\/\/www.leitza.eus\/es\/bienvenida\/#breadcrumb"},"inLanguage":"es","potentialAction":[{"@type":"ReadAction","target":["https:\/\/www.leitza.eus\/es\/bienvenida\/"]}]},{"@type":"BreadcrumbList","@id":"https:\/\/www.leitza.eus\/es\/bienvenida\/#breadcrumb","itemListElement":[{"@type":"ListItem","position":1,"name":"Home","item":"https:\/\/www.leitza.eus\/es\/"},{"@type":"ListItem","position":2,"name":"Bienvenida"}]},{"@type":"WebSite","@id":"https:\/\/www.leitza.eus\/es\/#website","url":"https:\/\/www.leitza.eus\/es\/","name":"Leitzako udala","description":"Leitzako udalaren webgunea","potentialAction":[{"@type":"SearchAction","target":{"@type":"EntryPoint","urlTemplate":"https:\/\/www.leitza.eus\/es\/?s={search_term_string}"},"query-input":"required name=search_term_string"}],"inLanguage":"es"}]}},"_links":{"self":[{"href":"https:\/\/www.leitza.eus\/es\/wp-json\/wp\/v2\/pages\/9886"}],"collection":[{"href":"https:\/\/www.leitza.eus\/es\/wp-json\/wp\/v2\/pages"}],"about":[{"href":"https:\/\/www.leitza.eus\/es\/wp-json\/wp\/v2\/types\/page"}],"author":[{"embeddable":true,"href":"https:\/\/www.leitza.eus\/es\/wp-json\/wp\/v2\/users\/3"}],"replies":[{"embeddable":true,"href":"https:\/\/www.leitza.eus\/es\/wp-json\/wp\/v2\/comments?post=9886"}],"version-history":[{"count":6,"href":"https:\/\/www.leitza.eus\/es\/wp-json\/wp\/v2\/pages\/9886\/revisions"}],"predecessor-version":[{"id":10088,"href":"https:\/\/www.leitza.eus\/es\/wp-json\/wp\/v2\/pages\/9886\/revisions\/10088"}],"wp:attachment":[{"href":"https:\/\/www.leitza.eus\/es\/wp-json\/wp\/v2\/media?parent=9886"}],"curies":[{"name":"wp","href":"https:\/\/api.w.org\/{rel}","templated":true}]}}