{"id":9624,"date":"2020-03-10T12:45:16","date_gmt":"2020-03-10T12:45:16","guid":{"rendered":"https:\/\/leitza.eus\/lege-oharra\/"},"modified":"2022-07-08T12:27:34","modified_gmt":"2022-07-08T10:27:34","slug":"politica-de-privacidad","status":"publish","type":"page","link":"https:\/\/www.leitza.eus\/es\/politica-de-privacidad\/","title":{"rendered":"Pol\u00edtica de privacidad"},"content":{"rendered":"\r\n<h2>Pol\u00edtica de privacidad<\/h2>\r\n<p>El Ayuntamiento de Leitza\/Leitzako Udala\u00a0 (en adelante <strong>Ayuntamiento<\/strong>) ha elaborado esta pol\u00edtica\u00a0 de privacidad con el fin de proporcionar a todos los interesados la m\u00e1s amplia informaci\u00f3n sobre los tratamientos de datos personales que realiza.\u00a0\u00a0<\/p>\r\n<p>Si cualquier persona que acceda a esta informaci\u00f3n no la comprende puede contactar con el Delegado de Proteccion de Datos de la entidad <a href=\"mailto:dpd@leitza.eus\">dpd@leitza.eus<\/a> \u00a0\u00a0quien le podr\u00e1 aclarar las cuestiones relativas al tratamiento de sus datos personales.<\/p>\r\n<p>Es recomendable que el usuario, antes de facilitar sus datos personales en cualquiera de los formularios Web o en aquellos que est\u00e1n disponibles f\u00edsicamente en las oficinas municipales,\u00a0 lea atentamente la Informaci\u00f3n B\u00e1sica\u00a0 que se indica de forma resumida en los mismos. El usuario siempre puede\u00a0 ampliar la informacion acudiendo a la\u00a0 presente pol\u00edtica de privacidad.\u00a0\u00a0<\/p>\r\n<p>Si el usuario decide realizar alg\u00fan tr\u00e1mite a trav\u00e9s de la sede electr\u00f3nica puede leer la Pol\u00edtica de Privacidad disponible en la misma <a href=\"https:\/\/leitza.egoitzaelektronikoa.eus\/privacy.1\">-(r)en Egoitza ElektronikoaLEITZAKO UDALA<\/a><\/p>\r\n\r\n\r\n\r\n<h3>\u00bfQUI\u00c9N ES EL RESPONSABLE DEL TRATAMIENTO?<\/h3>\r\n<p>El responsable del tratamiento de los datos personales es Ayuntamiento de Leitza\/Leitzako Udala:<\/p>\r\n\r\n\r\n\r\n<ul>\r\n<li>Sozietatearen izena: Leitzako Udala<\/li>\r\n<li>IFK: <span id=\"cliente-cif\">P3114800J<\/span><\/li>\r\n<li>Helbidea: <span id=\"cliente-direccion\">Elbarren, 1<\/span><\/li>\r\n<li>Herria: 31880 Leitza (Nafarooa)<\/li>\r\n<li>Telefono-zenbakia: <a href=\"tel:+34948510009\" target=\"_blank\" rel=\"noopener noreferrer\">+34 948 51 00 09<\/a><\/li>\r\n<li>Helbide elektronikoa: <a href=\"mailto:leitza@leitza.eus\">leitza@leitza.eus<\/a> \/ <a href=\"mailto:dpd@leitza.eus\">dpd@leitza.eus<\/a><\/li>\r\n<\/ul>\r\n\r\n\r\n\r\n<h3>\u00bfCON QU\u00c9 FINALIDAD SE TRATAN SUS DATOS?<\/h3>\r\n\r\n\r\n\r\n<p>El Ayuntamiento trata los datos personales con distintas finalidades que se corresponden con cada una\u00a0 de las actividades de tratamiento que realiza y que est\u00e1n accesibles\u00a0 en el registro de actividades de tratamiento <a href=\"https:\/\/leitza.egoitzaelektronikoa.eus\/transparency\/c4e58f9d-33f6-41f5-9b4b-01bba62a28ab\/\">-(r)en Egoitza ElektronikoaLEITZAKO UDALA<\/a> Por cada actividad, se identifica la finalidad del tratamiento. \u00a0\u00a0\u00a0\u00a0\u00a0\u00a0\u00a0<\/p>\r\n<p>Los tratamientos de\u00a0 datos personales que se recaban a trav\u00e9s de la Web tienen por finalidad atender las solicitudes de\u00a0 los interesados y poder contactar con ellos\u00a0 para ofrecerles informaci\u00f3n m\u00e1s detallada relacionada con las mismas.<\/p>\r\n<h3>\u00bfCU\u00c1L ES LA BASE QUE LEGITIMA EL TRATAMIENTO DE DATOS?<\/h3>\r\n<p>El tratamiento de los\u00a0 datos se realiza para el cumplimiento de obligaciones legales,\u00a0 para el cumplimiento de misiones realizadas en inter\u00e9s p\u00fablico o en el ejercicio de poderes p\u00fablicos, para la ejecuci\u00f3n de un contrato o con base en el\u00a0 consentimiento, en cuyo caso\u00a0 habr\u00e1 de ser prestado mediante una clara acci\u00f3n afirmativa.<\/p>\r\n<p>Puede consultar la base legal para cada una de las actividades de tratamiento que lleva a cabo el Ayuntamiento\u00a0 en el registro de actividades de tratamiento <a href=\"https:\/\/leitza.egoitzaelektronikoa.eus\/transparency\/c4e58f9d-33f6-41f5-9b4b-01bba62a28ab\/\">-(r)en Egoitza ElektronikoaLEITZAKO UDALA<\/a><\/p>\r\n\r\n\r\n\r\n\r\n\r\n<h3>\u00bfCU\u00c1NTO TIEMPO CONSERVA LOS DATOS EL AYUNTAMIENTO?<\/h3>\r\n\r\n\r\n\r\n<p>Con car\u00e1cter general los datos personales proporcionados se conservar\u00e1n durante el tiempo necesario para cumplir con la finalidad para la que se recaban, no obstante el Ayuntamiento est\u00e1 sometido a la normativa foral sobre archivos y documentaci\u00f3n y especialmente a la Orden Foral 51\/2016, de 14 de junio, de la Consejera de Cultura, Deporte y Juventud, por la que se aprueban instrucciones para la evaluaci\u00f3n y eliminaci\u00f3n de documentos de las Entidades Locales.<\/p>\r\n<p>Puede consultarse el criterio de conservaci\u00f3n que afecta a cada tratamiento en el registro de actividades de tratamiento <a href=\"https:\/\/leitza.egoitzaelektronikoa.eus\/transparency\/c4e58f9d-33f6-41f5-9b4b-01bba62a28ab\/\">-(r)en Egoitza ElektronikoaLEITZAKO UDALA<\/a><\/p>\r\n\r\n\r\n\r\n<h3>\u00bfA QUI\u00c9N SE COMUNICAN LOS DATOS PERSONALES?<\/h3>\r\n\r\n\r\n\r\n<p>Con car\u00e1cter general los datos solo se comunican si existe obligaci\u00f3n legal, pero pueden darse otras comunicaciones de datos basadas en otros\u00a0\u00a0 supuestos de tratamiento leg\u00edtimo. Puede consultar los destinatarios para cada una de las actividades de tratamiento que lleva a cabo el Ayuntamiento\u00a0 en\u00a0 el registro de actividades de tratamiento <a href=\"https:\/\/leitza.egoitzaelektronikoa.eus\/transparency\/c4e58f9d-33f6-41f5-9b4b-01bba62a28ab\/\">-(r)en Egoitza ElektronikoaLEITZAKO UDALA<\/a><\/p>\r\n<p>Tambi\u00e9n tendr\u00e1n acceso a los datos personales aquellos terceros con los que <strong>el Ayuntamiento <\/strong>\u00a0contrate alg\u00fan servicio que implique el tratamiento de datos. En estos casos el acceso se realizar\u00e1 con base en un contrato que incluir\u00e1 todas las garant\u00edas de conformidad con lo dispuesto en el art. 28 del Reglamento\u00a0 General de Protecci\u00f3n de Datos.<\/p>\r\n<ul>\r\n\r\n<\/ul>\r\n<h3>\u00bfCU\u00c1L ES EL ORIGEN DE LOS DATOS?<\/h3>\r\n<p>Con car\u00e1cter general los datos que trata el Ayuntamiento se obtienen del propio interesado no obstante se puede consultar el registro de actividades de tratamiento en el que se especifican los tratamientos de datos con otros or\u00edgenes distintos al interesado.\u00a0<\/p>\r\n<ul><\/ul>\r\n<h3>\u00bfQUI\u00c9N ES EL DELEGADO DE PROTECCI\u00d3N DE DATOS?<\/h3>\r\n<p>El Delegado de Protecci\u00f3n de Datos (DPD) es la persona f\u00edsica o jur\u00eddica que de forma independiente supervisa el cumplimiento de la normativa, asesora al responsable en relaci\u00f3n con la protecci\u00f3n de datos personales y garantiza el respeto de este derecho fundamental.\u00a0 El DPD no recibe instrucciones en lo que respecta al desempe\u00f1o de sus funciones y est\u00e1 obligado a mantener el secreto o la confidencialidad.<\/p>\r\n<p><strong>El Ayuntamiento <\/strong>\u00a0ha designado a su Delegado de Protecci\u00f3n de Datos. Cualquier persona puede ponerse en contacto con \u00e9l para resolver dudas sobre los tratamientos de datos o para ejercer los derechos que le asisten o para hacer cualquier sugerencia o reclamaci\u00f3n en esta materia. Esta reclamaci\u00f3n puede hacerla el afectado con car\u00e1cter previo a la presentaci\u00f3n de la misma\u00a0 ante la Agencia Espa\u00f1ola de Protecci\u00f3n de datos. En este caso el DPD comunicar\u00e1 al afectado la decisi\u00f3n que se hubiera adoptado sobre su reclamaci\u00f3n en el plazo de dos meses a contar desde su recepci\u00f3n.<\/p>\r\n<p>La forma de contactar con el delegado es v\u00eda electr\u00f3nica <a href=\"mailto:dpd@leitza.eus\">dpd@leitza.eus<\/a> \u00a0o postal en la direcci\u00f3n del Ayuntamiento indicada al inicio de esta pol\u00edtica (a la atenci\u00f3n del Delegado de Protecci\u00f3n de Datos).<\/p>\r\n<h3>\u00bfQU\u00c9 DERECHOS TIENEN LOS INTERESADOS?<\/h3>\r\n<p>Los interesados pueden ejercer los siguientes derechos:<\/p>\r\n<ul>\r\n<li><strong><u>Derecho de acceso<\/u><\/strong>: derecho a obtener informaci\u00f3n sobre si sus datos se est\u00e1n tratando o no por el Ayuntamiento y en su caso, la finalidad para la cual se tratan, las categor\u00edas de datos que se tratan, los destinatarios de sus datos, el plazo de conservaci\u00f3n, el origen de los datos y la posible existencia de decisiones automatizadas, incluida la elaboraci\u00f3n de perfiles.\u00a0<\/li>\r\n<li><strong><u>Derecho de rectificaci\u00f3n<\/u><\/strong>: derecho a obtener la rectificaci\u00f3n de los datos personales inexactos o<\/li>\r\n<li><strong><u>Derecho de supresi\u00f3n:<\/u><\/strong> derecho a obtener la supresi\u00f3n de sus datos cuando se den alguna de estas circunstancias.\r\n<ul>\r\n<li>Que los datos ya no sean necesarios para los fines para los cuales se recogieron.<\/li>\r\n<li>Que el interesado retire el consentimiento<\/li>\r\n<li>Que el interesado se oponga al tratamiento<\/li>\r\n<li>Que el interesado considere que los datos han sido tratados il\u00edcitamente<\/li>\r\n<li>Que deban suprimirse por una obligaci\u00f3n legal<\/li>\r\n<li>Que los datos se hayan obtenido en relaci\u00f3n con un servicio de la sociedad de la informaci\u00f3n de los establecidos en el art. 8 apartado 1 del Reglamento General de Protecci\u00f3n de Datos.<\/li>\r\n<\/ul>\r\n<\/li>\r\n<li><strong><u>Derecho de oposici\u00f3n<\/u><\/strong>: derecho a oponerse a un determinado tratamiento, por motivos relacionados con su situaci\u00f3n particular, cuando \u00e9ste est\u00e9 basado en el inter\u00e9s leg\u00edtimo o inter\u00e9s p\u00fablico del responsable.<\/li>\r\n<li><strong><u>Derecho de portabilidad<\/u><\/strong>: derecho a recibir los datos facilitados al Ayuntamiento en un formato estructurado y a transmitirlos a otro responsable siempre y cuando se den las dos circunstancias:\r\n<ul>\r\n<li>El tratamiento se haya basado en el consentimiento o en un contrato<\/li>\r\n<li>El tratamiento se realice por medios automatizados<\/li>\r\n<\/ul>\r\n<\/li>\r\n<li><strong><u>Derecho de limitaci\u00f3n<\/u><\/strong>: derecho a obtener la limitaci\u00f3n del tratamiento siempre y cuando se cumpla alguna de las condiciones siguientes:\r\n<ul>\r\n<li>La persona interesada impugne la exactitud de sus datos personales<\/li>\r\n<li>El tratamiento sea il\u00edcito y el interesado se oponga a la supresi\u00f3n de los datos solicitando en su lugar la limitaci\u00f3n de su uso.<\/li>\r\n<li>El responsable ya no necesite los datos para los fines del tratamiento pero el interesado s\u00ed los necesite para formular, ejercer o defender reclamaciones.<\/li>\r\n<li>El interesado se ha opuesto al tratamiento y solicita la limitaci\u00f3n mientras se verifica si los motivos del responsable prevalecen sobre los del interesado.<\/li>\r\n<\/ul>\r\n<\/li>\r\n<li><strong><u>Derecho a presentar una reclamaci\u00f3n<\/u><\/strong> ante la autoridad de control (<a href=\"http:\/\/www.aepd.es\/\">aepd.es<\/a>) si considera que el tratamiento no se ajusta a la normativa vigente.<\/li>\r\n<\/ul>\r\n<p>Los interesados pueden ejercer los derechos anteriores utilizando los siguientes medios:<\/p>\r\n<ul>\r\n<li>En las oficinas del Ayuntamiento person\u00e1ndose f\u00edsicamente o por correo postal,<\/li>\r\n<li>Dirigi\u00e9ndose al delegado de protecci\u00f3n de datos <a href=\"mailto:dpd@leitza.eus\">dpd@leitza.eus<\/a><\/li>\r\n<\/ul>\r\n<p>Sede electr\u00f3nica (tr\u00e1mites protecci\u00f3n de datos)<\/p>\r\n<h3>REGISTRO DE ACTIVIDADES DE TRATAMIENTO<\/h3>\r\n<p>Este registro,\u00a0 de acuerdo con el Art. 6. bis de la Ley 19\/2013 de Transparencia, Acceso a la informaci\u00f3n y Buen Gobierno deber\u00e1 ser objeto de publicaci\u00f3n.<\/p>\r\n<p>Puede encontrarlo en la Sede electr\u00f3nica\/transparencia <a href=\"https:\/\/leitza.egoitzaelektronikoa.eus\/transparency\/c4e58f9d-33f6-41f5-9b4b-01bba62a28ab\/\">-(r)en Egoitza ElektronikoaLEITZAKO UDALA<\/a><\/p>\r\n<p>&nbsp;<\/p>\r\n","protected":false},"excerpt":{"rendered":"<p>Pol\u00edtica de privacidad El Ayuntamiento de Leitza\/Leitzako Udala\u00a0 (en adelante Ayuntamiento) ha elaborado esta pol\u00edtica\u00a0 de privacidad con el fin de proporcionar a todos los interesados la m\u00e1s amplia informaci\u00f3n sobre los tratamientos de datos personales que realiza.\u00a0\u00a0 Si cualquier persona que acceda a esta informaci\u00f3n no la comprende puede contactar con el Delegado de&#8230;<\/p>\n","protected":false},"author":4,"featured_media":0,"parent":0,"menu_order":0,"comment_status":"closed","ping_status":"open","template":"","meta":[],"yoast_head":"<!-- This site is optimized with the Yoast SEO plugin v20.5 - https:\/\/yoast.com\/wordpress\/plugins\/seo\/ -->\n<title>Pol\u00edtica de privacidad - Leitzako udala<\/title>\n<meta name=\"robots\" content=\"index, follow, max-snippet:-1, max-image-preview:large, max-video-preview:-1\" \/>\n<link rel=\"canonical\" href=\"https:\/\/www.leitza.eus\/es\/politica-de-privacidad\/\" \/>\n<meta property=\"og:locale\" content=\"es_ES\" \/>\n<meta property=\"og:type\" content=\"article\" \/>\n<meta property=\"og:title\" content=\"Pol\u00edtica de privacidad - Leitzako udala\" \/>\n<meta property=\"og:description\" content=\"Pol\u00edtica de privacidad El Ayuntamiento de Leitza\/Leitzako Udala\u00a0 (en adelante Ayuntamiento) ha elaborado esta pol\u00edtica\u00a0 de privacidad con el fin de proporcionar a todos los interesados la m\u00e1s amplia informaci\u00f3n sobre los tratamientos de datos personales que realiza.\u00a0\u00a0 Si cualquier persona que acceda a esta informaci\u00f3n no la comprende puede contactar con el Delegado de...\" \/>\n<meta property=\"og:url\" content=\"https:\/\/www.leitza.eus\/es\/politica-de-privacidad\/\" \/>\n<meta property=\"og:site_name\" content=\"Leitzako udala\" \/>\n<meta property=\"article:modified_time\" content=\"2022-07-08T10:27:34+00:00\" \/>\n<meta name=\"twitter:card\" content=\"summary_large_image\" \/>\n<meta name=\"twitter:label1\" content=\"Tiempo de lectura\" \/>\n\t<meta name=\"twitter:data1\" content=\"7 minutos\" \/>\n<script type=\"application\/ld+json\" class=\"yoast-schema-graph\">{\"@context\":\"https:\/\/schema.org\",\"@graph\":[{\"@type\":\"WebPage\",\"@id\":\"https:\/\/www.leitza.eus\/es\/politica-de-privacidad\/\",\"url\":\"https:\/\/www.leitza.eus\/es\/politica-de-privacidad\/\",\"name\":\"Pol\u00edtica de privacidad - Leitzako udala\",\"isPartOf\":{\"@id\":\"https:\/\/www.leitza.eus\/es\/#website\"},\"datePublished\":\"2020-03-10T12:45:16+00:00\",\"dateModified\":\"2022-07-08T10:27:34+00:00\",\"breadcrumb\":{\"@id\":\"https:\/\/www.leitza.eus\/es\/politica-de-privacidad\/#breadcrumb\"},\"inLanguage\":\"es\",\"potentialAction\":[{\"@type\":\"ReadAction\",\"target\":[\"https:\/\/www.leitza.eus\/es\/politica-de-privacidad\/\"]}]},{\"@type\":\"BreadcrumbList\",\"@id\":\"https:\/\/www.leitza.eus\/es\/politica-de-privacidad\/#breadcrumb\",\"itemListElement\":[{\"@type\":\"ListItem\",\"position\":1,\"name\":\"Home\",\"item\":\"https:\/\/www.leitza.eus\/es\/\"},{\"@type\":\"ListItem\",\"position\":2,\"name\":\"Pol\u00edtica de privacidad\"}]},{\"@type\":\"WebSite\",\"@id\":\"https:\/\/www.leitza.eus\/es\/#website\",\"url\":\"https:\/\/www.leitza.eus\/es\/\",\"name\":\"Leitzako udala\",\"description\":\"Leitzako udalaren webgunea\",\"potentialAction\":[{\"@type\":\"SearchAction\",\"target\":{\"@type\":\"EntryPoint\",\"urlTemplate\":\"https:\/\/www.leitza.eus\/es\/?s={search_term_string}\"},\"query-input\":\"required name=search_term_string\"}],\"inLanguage\":\"es\"}]}<\/script>\n<!-- \/ Yoast SEO plugin. -->","yoast_head_json":{"title":"Pol\u00edtica de privacidad - Leitzako udala","robots":{"index":"index","follow":"follow","max-snippet":"max-snippet:-1","max-image-preview":"max-image-preview:large","max-video-preview":"max-video-preview:-1"},"canonical":"https:\/\/www.leitza.eus\/es\/politica-de-privacidad\/","og_locale":"es_ES","og_type":"article","og_title":"Pol\u00edtica de privacidad - Leitzako udala","og_description":"Pol\u00edtica de privacidad El Ayuntamiento de Leitza\/Leitzako Udala\u00a0 (en adelante Ayuntamiento) ha elaborado esta pol\u00edtica\u00a0 de privacidad con el fin de proporcionar a todos los interesados la m\u00e1s amplia informaci\u00f3n sobre los tratamientos de datos personales que realiza.\u00a0\u00a0 Si cualquier persona que acceda a esta informaci\u00f3n no la comprende puede contactar con el Delegado de...","og_url":"https:\/\/www.leitza.eus\/es\/politica-de-privacidad\/","og_site_name":"Leitzako udala","article_modified_time":"2022-07-08T10:27:34+00:00","twitter_card":"summary_large_image","twitter_misc":{"Tiempo de lectura":"7 minutos"},"schema":{"@context":"https:\/\/schema.org","@graph":[{"@type":"WebPage","@id":"https:\/\/www.leitza.eus\/es\/politica-de-privacidad\/","url":"https:\/\/www.leitza.eus\/es\/politica-de-privacidad\/","name":"Pol\u00edtica de privacidad - Leitzako udala","isPartOf":{"@id":"https:\/\/www.leitza.eus\/es\/#website"},"datePublished":"2020-03-10T12:45:16+00:00","dateModified":"2022-07-08T10:27:34+00:00","breadcrumb":{"@id":"https:\/\/www.leitza.eus\/es\/politica-de-privacidad\/#breadcrumb"},"inLanguage":"es","potentialAction":[{"@type":"ReadAction","target":["https:\/\/www.leitza.eus\/es\/politica-de-privacidad\/"]}]},{"@type":"BreadcrumbList","@id":"https:\/\/www.leitza.eus\/es\/politica-de-privacidad\/#breadcrumb","itemListElement":[{"@type":"ListItem","position":1,"name":"Home","item":"https:\/\/www.leitza.eus\/es\/"},{"@type":"ListItem","position":2,"name":"Pol\u00edtica de privacidad"}]},{"@type":"WebSite","@id":"https:\/\/www.leitza.eus\/es\/#website","url":"https:\/\/www.leitza.eus\/es\/","name":"Leitzako udala","description":"Leitzako udalaren webgunea","potentialAction":[{"@type":"SearchAction","target":{"@type":"EntryPoint","urlTemplate":"https:\/\/www.leitza.eus\/es\/?s={search_term_string}"},"query-input":"required name=search_term_string"}],"inLanguage":"es"}]}},"_links":{"self":[{"href":"https:\/\/www.leitza.eus\/es\/wp-json\/wp\/v2\/pages\/9624"}],"collection":[{"href":"https:\/\/www.leitza.eus\/es\/wp-json\/wp\/v2\/pages"}],"about":[{"href":"https:\/\/www.leitza.eus\/es\/wp-json\/wp\/v2\/types\/page"}],"author":[{"embeddable":true,"href":"https:\/\/www.leitza.eus\/es\/wp-json\/wp\/v2\/users\/4"}],"replies":[{"embeddable":true,"href":"https:\/\/www.leitza.eus\/es\/wp-json\/wp\/v2\/comments?post=9624"}],"version-history":[{"count":8,"href":"https:\/\/www.leitza.eus\/es\/wp-json\/wp\/v2\/pages\/9624\/revisions"}],"predecessor-version":[{"id":11389,"href":"https:\/\/www.leitza.eus\/es\/wp-json\/wp\/v2\/pages\/9624\/revisions\/11389"}],"wp:attachment":[{"href":"https:\/\/www.leitza.eus\/es\/wp-json\/wp\/v2\/media?parent=9624"}],"curies":[{"name":"wp","href":"https:\/\/api.w.org\/{rel}","templated":true}]}}