{"id":9623,"date":"2020-03-24T09:04:03","date_gmt":"2020-03-24T09:04:03","guid":{"rendered":"https:\/\/leitza.eus\/udala\/alkatea\/"},"modified":"2023-09-25T14:40:54","modified_gmt":"2023-09-25T12:40:54","slug":"alcalde","status":"publish","type":"page","link":"https:\/\/www.leitza.eus\/es\/ayuntamiento\/alcalde\/","title":{"rendered":"Saludo del alcalde"},"content":{"rendered":"<section class=\"l-section wpb_row us_custom_5cd26a65 height_medium\"><div class=\"l-section-h i-cf\"><div class=\"g-cols vc_row type_default valign_top\"><div class=\"vc_col-sm-12 wpb_column vc_column_container\"><div class=\"vc_column-inner\"><div class=\"wpb_wrapper\"><div class=\"wpb_text_column\" ><div class=\"wpb_wrapper\"><p>Bienvenid@s a la p\u00e1gina web del Ayuntamiento de Leitza.<\/p>\n<p><img decoding=\"async\" loading=\"lazy\" class=\"alignleft wp-image-12084 size-medium\" src=\"https:\/\/www.leitza.eus\/wp-content\/uploads\/2023\/07\/Dabid-Anaut-Pena1-212x300.jpeg\" alt=\"\" width=\"212\" height=\"300\" srcset=\"https:\/\/www.leitza.eus\/wp-content\/uploads\/2023\/07\/Dabid-Anaut-Pena1-212x300.jpeg 212w, https:\/\/www.leitza.eus\/wp-content\/uploads\/2023\/07\/Dabid-Anaut-Pena1-725x1024.jpeg 725w, https:\/\/www.leitza.eus\/wp-content\/uploads\/2023\/07\/Dabid-Anaut-Pena1.jpeg 1133w\" sizes=\"(max-width: 212px) 100vw, 212px\" \/>En esta web encontrar\u00e1s informaci\u00f3n, noticias, observaciones y otros contenidos sobre el pueblo de Leitza. Hemos pretendido ofrecer un portal que sea de utilidad para la poblaci\u00f3n local, informando sobre los servicios del Ayuntamiento o poniendo a su disposici\u00f3n una sede electr\u00f3nica para realizar diversas gestiones. El Ayuntamiento de Leitza ha habilitado una serie de recursos, entre los que se encuentra esta web, con el objetivo de impulsar la transparencia y la cercan\u00eda a la ciudadan\u00eda.<\/p>\n<p>Adem\u00e1s, pensando en todas las personas que nos visitan, hemos reunido y dispuesto informaci\u00f3n y recursos para ayudar a conocer el pueblo y su modo de vida:, mapas, fotos, rutas, publicaciones, datos, noticias, agenda\u2026<\/p>\n<p>Leitza es un pueblo vivo, euskaldun, plural, amante de la naturaleza, rico en historia y acogedor, y eso es, precisamente, lo que pretende reflejar este portal.<\/p>\n<p>Esperando que sea de tu inter\u00e9s y utilidad, te saluda atentamente,<br \/>\nDavid Anaut Pe\u00f1a<br \/>\nAlcalde\u00a0de\u00a0Leitza<\/p>\n<\/div><\/div><\/div><\/div><\/div><\/div><\/div><\/section>\n","protected":false},"excerpt":{"rendered":"Bienvenid@s a la p\u00e1gina web del Ayuntamiento de Leitza. En esta web encontrar\u00e1s informaci\u00f3n, noticias, observaciones y otros contenidos sobre el pueblo de Leitza. Hemos pretendido ofrecer un portal que sea de utilidad para la poblaci\u00f3n local, informando sobre los servicios del Ayuntamiento o poniendo a su disposici\u00f3n una sede electr\u00f3nica para realizar diversas gestiones....","protected":false},"author":4,"featured_media":8138,"parent":9607,"menu_order":1,"comment_status":"closed","ping_status":"closed","template":"","meta":[],"yoast_head":"<!-- This site is optimized with the Yoast SEO plugin v20.5 - https:\/\/yoast.com\/wordpress\/plugins\/seo\/ -->\n<title>Saludo del alcalde - Leitzako udala<\/title>\n<meta name=\"robots\" content=\"index, follow, max-snippet:-1, max-image-preview:large, max-video-preview:-1\" \/>\n<link rel=\"canonical\" href=\"https:\/\/www.leitza.eus\/es\/ayuntamiento\/alcalde\/\" \/>\n<meta property=\"og:locale\" content=\"es_ES\" \/>\n<meta property=\"og:type\" content=\"article\" \/>\n<meta property=\"og:title\" content=\"Saludo del alcalde - Leitzako udala\" \/>\n<meta property=\"og:url\" content=\"https:\/\/www.leitza.eus\/es\/ayuntamiento\/alcalde\/\" \/>\n<meta property=\"og:site_name\" content=\"Leitzako udala\" \/>\n<meta property=\"article:modified_time\" content=\"2023-09-25T12:40:54+00:00\" \/>\n<meta property=\"og:image\" content=\"https:\/\/www.leitza.eus\/wp-content\/uploads\/2020\/04\/Mikel_Zabaleta_tokikom_700x700.jpg\" \/>\n\t<meta property=\"og:image:width\" content=\"700\" \/>\n\t<meta property=\"og:image:height\" content=\"525\" \/>\n\t<meta property=\"og:image:type\" content=\"image\/jpeg\" \/>\n<meta name=\"twitter:card\" content=\"summary_large_image\" \/>\n<meta name=\"twitter:label1\" content=\"Tiempo de lectura\" \/>\n\t<meta name=\"twitter:data1\" content=\"1 minuto\" \/>\n<script type=\"application\/ld+json\" class=\"yoast-schema-graph\">{\"@context\":\"https:\/\/schema.org\",\"@graph\":[{\"@type\":\"WebPage\",\"@id\":\"https:\/\/www.leitza.eus\/es\/ayuntamiento\/alcalde\/\",\"url\":\"https:\/\/www.leitza.eus\/es\/ayuntamiento\/alcalde\/\",\"name\":\"Saludo del alcalde - Leitzako udala\",\"isPartOf\":{\"@id\":\"https:\/\/www.leitza.eus\/es\/#website\"},\"datePublished\":\"2020-03-24T09:04:03+00:00\",\"dateModified\":\"2023-09-25T12:40:54+00:00\",\"breadcrumb\":{\"@id\":\"https:\/\/www.leitza.eus\/es\/ayuntamiento\/alcalde\/#breadcrumb\"},\"inLanguage\":\"es\",\"potentialAction\":[{\"@type\":\"ReadAction\",\"target\":[\"https:\/\/www.leitza.eus\/es\/ayuntamiento\/alcalde\/\"]}]},{\"@type\":\"BreadcrumbList\",\"@id\":\"https:\/\/www.leitza.eus\/es\/ayuntamiento\/alcalde\/#breadcrumb\",\"itemListElement\":[{\"@type\":\"ListItem\",\"position\":1,\"name\":\"Home\",\"item\":\"https:\/\/www.leitza.eus\/es\/\"},{\"@type\":\"ListItem\",\"position\":2,\"name\":\"Ayuntamiento\",\"item\":\"https:\/\/www.leitza.eus\/es\/ayuntamiento\/\"},{\"@type\":\"ListItem\",\"position\":3,\"name\":\"Saludo del alcalde\"}]},{\"@type\":\"WebSite\",\"@id\":\"https:\/\/www.leitza.eus\/es\/#website\",\"url\":\"https:\/\/www.leitza.eus\/es\/\",\"name\":\"Leitzako udala\",\"description\":\"Leitzako udalaren webgunea\",\"potentialAction\":[{\"@type\":\"SearchAction\",\"target\":{\"@type\":\"EntryPoint\",\"urlTemplate\":\"https:\/\/www.leitza.eus\/es\/?s={search_term_string}\"},\"query-input\":\"required name=search_term_string\"}],\"inLanguage\":\"es\"}]}<\/script>\n<!-- \/ Yoast SEO plugin. -->","yoast_head_json":{"title":"Saludo del alcalde - Leitzako udala","robots":{"index":"index","follow":"follow","max-snippet":"max-snippet:-1","max-image-preview":"max-image-preview:large","max-video-preview":"max-video-preview:-1"},"canonical":"https:\/\/www.leitza.eus\/es\/ayuntamiento\/alcalde\/","og_locale":"es_ES","og_type":"article","og_title":"Saludo del alcalde - Leitzako udala","og_url":"https:\/\/www.leitza.eus\/es\/ayuntamiento\/alcalde\/","og_site_name":"Leitzako udala","article_modified_time":"2023-09-25T12:40:54+00:00","og_image":[{"width":700,"height":525,"url":"https:\/\/www.leitza.eus\/wp-content\/uploads\/2020\/04\/Mikel_Zabaleta_tokikom_700x700.jpg","type":"image\/jpeg"}],"twitter_card":"summary_large_image","twitter_misc":{"Tiempo de lectura":"1 minuto"},"schema":{"@context":"https:\/\/schema.org","@graph":[{"@type":"WebPage","@id":"https:\/\/www.leitza.eus\/es\/ayuntamiento\/alcalde\/","url":"https:\/\/www.leitza.eus\/es\/ayuntamiento\/alcalde\/","name":"Saludo del alcalde - Leitzako udala","isPartOf":{"@id":"https:\/\/www.leitza.eus\/es\/#website"},"datePublished":"2020-03-24T09:04:03+00:00","dateModified":"2023-09-25T12:40:54+00:00","breadcrumb":{"@id":"https:\/\/www.leitza.eus\/es\/ayuntamiento\/alcalde\/#breadcrumb"},"inLanguage":"es","potentialAction":[{"@type":"ReadAction","target":["https:\/\/www.leitza.eus\/es\/ayuntamiento\/alcalde\/"]}]},{"@type":"BreadcrumbList","@id":"https:\/\/www.leitza.eus\/es\/ayuntamiento\/alcalde\/#breadcrumb","itemListElement":[{"@type":"ListItem","position":1,"name":"Home","item":"https:\/\/www.leitza.eus\/es\/"},{"@type":"ListItem","position":2,"name":"Ayuntamiento","item":"https:\/\/www.leitza.eus\/es\/ayuntamiento\/"},{"@type":"ListItem","position":3,"name":"Saludo del alcalde"}]},{"@type":"WebSite","@id":"https:\/\/www.leitza.eus\/es\/#website","url":"https:\/\/www.leitza.eus\/es\/","name":"Leitzako udala","description":"Leitzako udalaren webgunea","potentialAction":[{"@type":"SearchAction","target":{"@type":"EntryPoint","urlTemplate":"https:\/\/www.leitza.eus\/es\/?s={search_term_string}"},"query-input":"required name=search_term_string"}],"inLanguage":"es"}]}},"_links":{"self":[{"href":"https:\/\/www.leitza.eus\/es\/wp-json\/wp\/v2\/pages\/9623"}],"collection":[{"href":"https:\/\/www.leitza.eus\/es\/wp-json\/wp\/v2\/pages"}],"about":[{"href":"https:\/\/www.leitza.eus\/es\/wp-json\/wp\/v2\/types\/page"}],"author":[{"embeddable":true,"href":"https:\/\/www.leitza.eus\/es\/wp-json\/wp\/v2\/users\/4"}],"replies":[{"embeddable":true,"href":"https:\/\/www.leitza.eus\/es\/wp-json\/wp\/v2\/comments?post=9623"}],"version-history":[{"count":4,"href":"https:\/\/www.leitza.eus\/es\/wp-json\/wp\/v2\/pages\/9623\/revisions"}],"predecessor-version":[{"id":12214,"href":"https:\/\/www.leitza.eus\/es\/wp-json\/wp\/v2\/pages\/9623\/revisions\/12214"}],"up":[{"embeddable":true,"href":"https:\/\/www.leitza.eus\/es\/wp-json\/wp\/v2\/pages\/9607"}],"wp:featuredmedia":[{"embeddable":true,"href":"https:\/\/www.leitza.eus\/es\/wp-json\/wp\/v2\/media\/8138"}],"wp:attachment":[{"href":"https:\/\/www.leitza.eus\/es\/wp-json\/wp\/v2\/media?parent=9623"}],"curies":[{"name":"wp","href":"https:\/\/api.w.org\/{rel}","templated":true}]}}