{"id":9579,"date":"2020-05-21T07:09:15","date_gmt":"2020-05-21T07:09:15","guid":{"rendered":"https:\/\/leitza.eus\/sarrera\/"},"modified":"2023-09-26T10:06:15","modified_gmt":"2023-09-26T08:06:15","slug":"introduccion","status":"publish","type":"page","link":"https:\/\/www.leitza.eus\/es\/transparencia\/introduccion\/","title":{"rendered":"Introducci\u00f3n"},"content":{"rendered":"<section class=\"l-section wpb_row us_custom_5cd26a65 height_medium\"><div class=\"l-section-h i-cf\"><div class=\"g-cols vc_row type_default valign_top\"><div class=\"vc_col-sm-8 wpb_column vc_column_container\"><div class=\"vc_column-inner\"><div class=\"wpb_wrapper\"><div class=\"wpb_text_column\" ><div class=\"wpb_wrapper\"><p>Con la modernizaci\u00f3n y renovaci\u00f3n de los servicios municipales, nos parece importante profundizar en la transparencia.<\/p>\n<p>El acceso a la informaci\u00f3n p\u00fablica debe ser una obligaci\u00f3n del Ayuntamiento y de toda administraci\u00f3n.<\/p>\n<p>Por ello, en este apartado que con el tiempo iremos completando en contenidos, podr\u00e1s conocer algunas de las decisiones importantes que ha aprobado el Ayuntamiento: presupuestos, ordenanzas, etc.<\/p>\n<p>Dabid Anaut (el alcalde)<\/p>\n<\/div><\/div><\/div><\/div><\/div><div class=\"vc_col-sm-4 wpb_column vc_column_container\"><div class=\"vc_column-inner\"><div class=\"wpb_wrapper\"><div class=\"w-image align_none\"><div class=\"w-image-h\"><img width=\"725\" height=\"1024\" src=\"https:\/\/www.leitza.eus\/wp-content\/uploads\/2023\/07\/Dabid-Anaut-Pena1-725x1024.jpeg\" class=\"attachment-large size-large\" alt=\"\" decoding=\"async\" loading=\"lazy\" srcset=\"https:\/\/www.leitza.eus\/wp-content\/uploads\/2023\/07\/Dabid-Anaut-Pena1-725x1024.jpeg 725w, https:\/\/www.leitza.eus\/wp-content\/uploads\/2023\/07\/Dabid-Anaut-Pena1-212x300.jpeg 212w, https:\/\/www.leitza.eus\/wp-content\/uploads\/2023\/07\/Dabid-Anaut-Pena1.jpeg 1133w\" sizes=\"(max-width: 725px) 100vw, 725px\" \/><\/div><\/div><\/div><\/div><\/div><\/div><\/div><\/section>\n","protected":false},"excerpt":{"rendered":"Con la modernizaci\u00f3n y renovaci\u00f3n de los servicios municipales, nos parece importante profundizar en la transparencia. El acceso a la informaci\u00f3n p\u00fablica debe ser una obligaci\u00f3n del Ayuntamiento y de toda administraci\u00f3n. Por ello, en este apartado que con el tiempo iremos completando en contenidos, podr\u00e1s conocer algunas de las decisiones importantes que ha aprobado...","protected":false},"author":4,"featured_media":0,"parent":9606,"menu_order":1,"comment_status":"closed","ping_status":"closed","template":"","meta":[],"yoast_head":"<!-- This site is optimized with the Yoast SEO plugin v20.5 - https:\/\/yoast.com\/wordpress\/plugins\/seo\/ -->\n<title>Introducci\u00f3n - Leitzako udala<\/title>\n<meta name=\"robots\" content=\"index, follow, max-snippet:-1, max-image-preview:large, max-video-preview:-1\" \/>\n<link rel=\"canonical\" href=\"https:\/\/www.leitza.eus\/es\/transparencia\/introduccion\/\" \/>\n<meta property=\"og:locale\" content=\"es_ES\" \/>\n<meta property=\"og:type\" content=\"article\" \/>\n<meta property=\"og:title\" content=\"Introducci\u00f3n - Leitzako udala\" \/>\n<meta property=\"og:url\" content=\"https:\/\/www.leitza.eus\/es\/transparencia\/introduccion\/\" \/>\n<meta property=\"og:site_name\" content=\"Leitzako udala\" \/>\n<meta property=\"article:modified_time\" content=\"2023-09-26T08:06:15+00:00\" \/>\n<meta name=\"twitter:card\" content=\"summary_large_image\" \/>\n<meta name=\"twitter:label1\" content=\"Tiempo de lectura\" \/>\n\t<meta name=\"twitter:data1\" content=\"1 minuto\" \/>\n<script type=\"application\/ld+json\" class=\"yoast-schema-graph\">{\"@context\":\"https:\/\/schema.org\",\"@graph\":[{\"@type\":\"WebPage\",\"@id\":\"https:\/\/www.leitza.eus\/es\/transparencia\/introduccion\/\",\"url\":\"https:\/\/www.leitza.eus\/es\/transparencia\/introduccion\/\",\"name\":\"Introducci\u00f3n - Leitzako udala\",\"isPartOf\":{\"@id\":\"https:\/\/www.leitza.eus\/es\/#website\"},\"datePublished\":\"2020-05-21T07:09:15+00:00\",\"dateModified\":\"2023-09-26T08:06:15+00:00\",\"breadcrumb\":{\"@id\":\"https:\/\/www.leitza.eus\/es\/transparencia\/introduccion\/#breadcrumb\"},\"inLanguage\":\"es\",\"potentialAction\":[{\"@type\":\"ReadAction\",\"target\":[\"https:\/\/www.leitza.eus\/es\/transparencia\/introduccion\/\"]}]},{\"@type\":\"BreadcrumbList\",\"@id\":\"https:\/\/www.leitza.eus\/es\/transparencia\/introduccion\/#breadcrumb\",\"itemListElement\":[{\"@type\":\"ListItem\",\"position\":1,\"name\":\"Home\",\"item\":\"https:\/\/www.leitza.eus\/es\/\"},{\"@type\":\"ListItem\",\"position\":2,\"name\":\"Transparencia\",\"item\":\"https:\/\/www.leitza.eus\/es\/transparencia\/\"},{\"@type\":\"ListItem\",\"position\":3,\"name\":\"Introducci\u00f3n\"}]},{\"@type\":\"WebSite\",\"@id\":\"https:\/\/www.leitza.eus\/es\/#website\",\"url\":\"https:\/\/www.leitza.eus\/es\/\",\"name\":\"Leitzako udala\",\"description\":\"Leitzako udalaren webgunea\",\"potentialAction\":[{\"@type\":\"SearchAction\",\"target\":{\"@type\":\"EntryPoint\",\"urlTemplate\":\"https:\/\/www.leitza.eus\/es\/?s={search_term_string}\"},\"query-input\":\"required name=search_term_string\"}],\"inLanguage\":\"es\"}]}<\/script>\n<!-- \/ Yoast SEO plugin. -->","yoast_head_json":{"title":"Introducci\u00f3n - Leitzako udala","robots":{"index":"index","follow":"follow","max-snippet":"max-snippet:-1","max-image-preview":"max-image-preview:large","max-video-preview":"max-video-preview:-1"},"canonical":"https:\/\/www.leitza.eus\/es\/transparencia\/introduccion\/","og_locale":"es_ES","og_type":"article","og_title":"Introducci\u00f3n - Leitzako udala","og_url":"https:\/\/www.leitza.eus\/es\/transparencia\/introduccion\/","og_site_name":"Leitzako udala","article_modified_time":"2023-09-26T08:06:15+00:00","twitter_card":"summary_large_image","twitter_misc":{"Tiempo de lectura":"1 minuto"},"schema":{"@context":"https:\/\/schema.org","@graph":[{"@type":"WebPage","@id":"https:\/\/www.leitza.eus\/es\/transparencia\/introduccion\/","url":"https:\/\/www.leitza.eus\/es\/transparencia\/introduccion\/","name":"Introducci\u00f3n - Leitzako udala","isPartOf":{"@id":"https:\/\/www.leitza.eus\/es\/#website"},"datePublished":"2020-05-21T07:09:15+00:00","dateModified":"2023-09-26T08:06:15+00:00","breadcrumb":{"@id":"https:\/\/www.leitza.eus\/es\/transparencia\/introduccion\/#breadcrumb"},"inLanguage":"es","potentialAction":[{"@type":"ReadAction","target":["https:\/\/www.leitza.eus\/es\/transparencia\/introduccion\/"]}]},{"@type":"BreadcrumbList","@id":"https:\/\/www.leitza.eus\/es\/transparencia\/introduccion\/#breadcrumb","itemListElement":[{"@type":"ListItem","position":1,"name":"Home","item":"https:\/\/www.leitza.eus\/es\/"},{"@type":"ListItem","position":2,"name":"Transparencia","item":"https:\/\/www.leitza.eus\/es\/transparencia\/"},{"@type":"ListItem","position":3,"name":"Introducci\u00f3n"}]},{"@type":"WebSite","@id":"https:\/\/www.leitza.eus\/es\/#website","url":"https:\/\/www.leitza.eus\/es\/","name":"Leitzako udala","description":"Leitzako udalaren webgunea","potentialAction":[{"@type":"SearchAction","target":{"@type":"EntryPoint","urlTemplate":"https:\/\/www.leitza.eus\/es\/?s={search_term_string}"},"query-input":"required name=search_term_string"}],"inLanguage":"es"}]}},"_links":{"self":[{"href":"https:\/\/www.leitza.eus\/es\/wp-json\/wp\/v2\/pages\/9579"}],"collection":[{"href":"https:\/\/www.leitza.eus\/es\/wp-json\/wp\/v2\/pages"}],"about":[{"href":"https:\/\/www.leitza.eus\/es\/wp-json\/wp\/v2\/types\/page"}],"author":[{"embeddable":true,"href":"https:\/\/www.leitza.eus\/es\/wp-json\/wp\/v2\/users\/4"}],"replies":[{"embeddable":true,"href":"https:\/\/www.leitza.eus\/es\/wp-json\/wp\/v2\/comments?post=9579"}],"version-history":[{"count":7,"href":"https:\/\/www.leitza.eus\/es\/wp-json\/wp\/v2\/pages\/9579\/revisions"}],"predecessor-version":[{"id":12220,"href":"https:\/\/www.leitza.eus\/es\/wp-json\/wp\/v2\/pages\/9579\/revisions\/12220"}],"up":[{"embeddable":true,"href":"https:\/\/www.leitza.eus\/es\/wp-json\/wp\/v2\/pages\/9606"}],"wp:attachment":[{"href":"https:\/\/www.leitza.eus\/es\/wp-json\/wp\/v2\/media?parent=9579"}],"curies":[{"name":"wp","href":"https:\/\/api.w.org\/{rel}","templated":true}]}}