{"id":9578,"date":"2020-05-21T09:07:59","date_gmt":"2020-05-21T09:07:59","guid":{"rendered":"https:\/\/leitza.eus\/anikote\/"},"modified":"2020-07-26T06:23:09","modified_gmt":"2020-07-26T06:23:09","slug":"servicio-de-deportes-anikote","status":"publish","type":"page","link":"https:\/\/www.leitza.eus\/es\/servicios\/servicio-de-deportes-anikote\/","title":{"rendered":"Servicio de deportes Anikote"},"content":{"rendered":"<section class=\"l-section wpb_row us_custom_8535c5f4 height_medium\"><div class=\"l-section-h i-cf\"><div class=\"g-cols vc_row type_default valign_top\"><div class=\"vc_col-sm-3 wpb_column vc_column_container\"><div class=\"vc_column-inner\"><div class=\"wpb_wrapper\"><div class=\"w-image align_none\"><div class=\"w-image-h\"><img width=\"346\" height=\"207\" src=\"https:\/\/www.leitza.eus\/wp-content\/uploads\/2020\/05\/Anikote-1.jpg\" class=\"attachment-large size-large\" alt=\"\" decoding=\"async\" loading=\"lazy\" srcset=\"https:\/\/www.leitza.eus\/wp-content\/uploads\/2020\/05\/Anikote-1.jpg 346w, https:\/\/www.leitza.eus\/wp-content\/uploads\/2020\/05\/Anikote-1-300x179.jpg 300w\" sizes=\"(max-width: 346px) 100vw, 346px\" \/><\/div><\/div><\/div><\/div><\/div><div class=\"vc_col-sm-9 wpb_column vc_column_container\"><div class=\"vc_column-inner\"><div class=\"wpb_wrapper\"><div class=\"wpb_text_column\" ><div class=\"wpb_wrapper\"><p>Anikote Leitza S.L. es la<strong> empresa p\u00fablica<\/strong> encargada de la gesti\u00f3n del <strong>polideportivo, el front\u00f3n y la piscina<\/strong> de Leitza.<\/p>\n<p>El <strong>objetivo<\/strong> principal de Anikote es ofrecer a los habitantes de Leitza el mejor servicio de deportes posible y por otro lado, proveerlo de los materiales y lugares adecuados para que la ciudadan\u00eda pueda realizar actividad f\u00edsica.<\/p>\n<p>Por otro lado, tal y como establece la<strong> ley 15\/2001, de 5 de julio, del deporte de Navarra,<\/strong> el deporte es un<strong> derecho<\/strong> de toda la ciudadan\u00eda que debe ser ofrecido sin exclusiones. En consecuencia, se apostar\u00e1 por un proyecto deportivo que promueva la <strong>igualdad<\/strong>, en el que se intente tener en cuenta a discapacitad@s, extranjer@s, gente de todas las franjas de edad y todo tipo de caracter\u00edsticas.<\/p>\n<p>Pero podr\u00edamos resumir todos los objetivos en uno: el de superar de una vez el problema del sedentarismo y hacer que Leitza se convierta en un pueblo <strong>activo<\/strong>; ese ser\u00e1 el mayor reto de Anikote Leitza S.L.<\/p>\n<p>Abajo encontrar\u00e1n <strong>toda la informaci\u00f3n<\/strong> correspondiente a cada una de sus instalaciones. Tambi\u00e9n se puede acceder a horarios, precios y dem\u00e1s datos de inter\u00e9s.<\/p>\n<p>\u00a1Tambi\u00e9n pueden seguir la informaci\u00f3n m\u00e1s actual del servicio de deportes a trav\u00e9s de las <strong>redes sociales<\/strong>!<\/p>\n<\/div><\/div><div class=\"w-separator size_medium\"><\/div><div class=\"w-socials color_brand shape_square style_default hover_fade\"><div class=\"w-socials-list\"><div class=\"w-socials-item facebook\"><a class=\"w-socials-item-link\" href=\"https:\/\/www.facebook.com\/leitzakiroldegia\/\" target=\"_blank\" rel=\"noopener nofollow\" title=\"Facebook\" aria-label=\"Facebook\"><span class=\"w-socials-item-link-hover\"><\/span><i class=\"fab fa-facebook\"><\/i><\/a><div class=\"w-socials-item-popup\"><span>Facebook<\/span><\/div><\/div><div class=\"w-socials-item twitter\"><a class=\"w-socials-item-link\" href=\"https:\/\/twitter.com\/AnikoteLeitza\" target=\"_blank\" rel=\"noopener nofollow\" title=\"Twitter\" aria-label=\"Twitter\"><span class=\"w-socials-item-link-hover\"><\/span><i class=\"fab fa-twitter\"><\/i><\/a><div class=\"w-socials-item-popup\"><span>Twitter<\/span><\/div><\/div><div class=\"w-socials-item instagram\"><a class=\"w-socials-item-link\" href=\"https:\/\/www.instagram.com\/anikoteleitza\/\" target=\"_blank\" rel=\"noopener nofollow\" title=\"Instagram\" aria-label=\"Instagram\"><span class=\"w-socials-item-link-hover\"><\/span><i class=\"fab fa-instagram\"><\/i><\/a><div class=\"w-socials-item-popup\"><span>Instagram<\/span><\/div><\/div><\/div><\/div><\/div><\/div><\/div><\/div><\/div><\/section><section class=\"l-section wpb_row height_medium\"><div class=\"l-section-h i-cf\"><div class=\"g-cols vc_row type_default valign_top\"><div class=\"vc_col-sm-3 wpb_column vc_column_container\"><div class=\"vc_column-inner\"><div class=\"wpb_wrapper\"><div class=\"w-ibanner animation_phorcys ratio_1x1 easing_ease\"><div class=\"w-ibanner-h\"><div class=\"w-ibanner-image\" style=\"background-image: url(https:\/\/www.leitza.eus\/wp-content\/uploads\/2020\/05\/kiroldegia-1024x668.jpg)\"><\/div><div class=\"w-ibanner-content\"><div class=\"w-ibanner-content-h\"><h3 class=\"w-ibanner-title\">Polideportivo<\/h3><div class=\"w-ibanner-desc\"><\/div><\/div><\/div><\/div><a title=\"Pilotalekua\" href=\"https:\/\/leitza.eus\/zerbitzuak\/anikote\/kiroldegia\/\" aria-label=\"Polideportivo\"><\/a><\/div><\/div><\/div><\/div><div class=\"vc_col-sm-3 wpb_column vc_column_container\"><div class=\"vc_column-inner\"><div class=\"wpb_wrapper\"><div class=\"w-ibanner animation_phorcys ratio_1x1 easing_ease\"><div class=\"w-ibanner-h\"><div class=\"w-ibanner-image\" style=\"background-image: url(https:\/\/www.leitza.eus\/wp-content\/uploads\/2020\/05\/frontoia.jpg)\"><\/div><div class=\"w-ibanner-content\"><div class=\"w-ibanner-content-h\"><h3 class=\"w-ibanner-title\">Front\u00f3n Amazabal<\/h3><div class=\"w-ibanner-desc\"><\/div><\/div><\/div><\/div><a title=\"Pilotalekua\" href=\"https:\/\/leitza.eus\/zerbitzuak\/anikote\/pilotalekua\/\" aria-label=\"Front\u00f3n Amazabal\"><\/a><\/div><\/div><\/div><\/div><div class=\"vc_col-sm-3 wpb_column vc_column_container\"><div class=\"vc_column-inner\"><div class=\"wpb_wrapper\"><div class=\"w-ibanner animation_phorcys ratio_1x1 easing_ease\"><div class=\"w-ibanner-h\"><div class=\"w-ibanner-image\" style=\"background-image: url(https:\/\/www.leitza.eus\/wp-content\/uploads\/2020\/05\/igerilekua-1024x768.jpg)\"><\/div><div class=\"w-ibanner-content\"><div class=\"w-ibanner-content-h\"><h3 class=\"w-ibanner-title\">Piscina exterior<\/h3><div class=\"w-ibanner-desc\"><\/div><\/div><\/div><\/div><a title=\"Pilotalekua\" href=\"https:\/\/leitza.eus\/zerbitzuak\/anikote\/igerilekua\/\" aria-label=\"Piscina exterior\"><\/a><\/div><\/div><\/div><\/div><div class=\"vc_col-sm-3 wpb_column vc_column_container\"><div class=\"vc_column-inner\"><div class=\"wpb_wrapper\"><div class=\"w-ibanner animation_phorcys ratio_1x1 easing_ease\"><div class=\"w-ibanner-h\"><div class=\"w-ibanner-image\" style=\"background-image: url(https:\/\/www.leitza.eus\/wp-content\/uploads\/2020\/07\/Arkiskil-zelaia.jpg)\"><\/div><div class=\"w-ibanner-content\"><div class=\"w-ibanner-content-h\"><h3 class=\"w-ibanner-title\">Campo de f\u00fatbol Arkiskil<\/h3><div class=\"w-ibanner-desc\"><\/div><\/div><\/div><\/div><a title=\"Pilotalekua\" href=\"https:\/\/leitza.eus\/arkiskil-futbol-zelaia\/\" aria-label=\"Campo de f\u00fatbol Arkiskil\"><\/a><\/div><\/div><\/div><\/div><\/div><\/div><\/section>\n","protected":false},"excerpt":{"rendered":"Anikote Leitza S.L. es la empresa p\u00fablica encargada de la gesti\u00f3n del polideportivo, el front\u00f3n y la piscina de Leitza. El objetivo principal de Anikote es ofrecer a los habitantes de Leitza el mejor servicio de deportes posible y por otro lado, proveerlo de los materiales y lugares adecuados para que la ciudadan\u00eda pueda realizar...","protected":false},"author":4,"featured_media":0,"parent":9583,"menu_order":3,"comment_status":"closed","ping_status":"closed","template":"","meta":[],"yoast_head":"<!-- This site is optimized with the Yoast SEO plugin v20.5 - https:\/\/yoast.com\/wordpress\/plugins\/seo\/ -->\n<title>Servicio de deportes Anikote - Leitzako udala<\/title>\n<meta name=\"robots\" content=\"index, follow, max-snippet:-1, max-image-preview:large, max-video-preview:-1\" \/>\n<link rel=\"canonical\" href=\"https:\/\/www.leitza.eus\/es\/servicios\/servicio-de-deportes-anikote\/\" \/>\n<meta property=\"og:locale\" content=\"es_ES\" \/>\n<meta property=\"og:type\" content=\"article\" \/>\n<meta property=\"og:title\" content=\"Servicio de deportes Anikote - Leitzako udala\" \/>\n<meta property=\"og:url\" content=\"https:\/\/www.leitza.eus\/es\/servicios\/servicio-de-deportes-anikote\/\" \/>\n<meta property=\"og:site_name\" content=\"Leitzako udala\" \/>\n<meta property=\"article:modified_time\" content=\"2020-07-26T06:23:09+00:00\" \/>\n<meta name=\"twitter:card\" content=\"summary_large_image\" \/>\n<meta name=\"twitter:label1\" content=\"Tiempo de lectura\" \/>\n\t<meta name=\"twitter:data1\" content=\"2 minutos\" \/>\n<script type=\"application\/ld+json\" class=\"yoast-schema-graph\">{\"@context\":\"https:\/\/schema.org\",\"@graph\":[{\"@type\":\"WebPage\",\"@id\":\"https:\/\/www.leitza.eus\/es\/servicios\/servicio-de-deportes-anikote\/\",\"url\":\"https:\/\/www.leitza.eus\/es\/servicios\/servicio-de-deportes-anikote\/\",\"name\":\"Servicio de deportes Anikote - Leitzako udala\",\"isPartOf\":{\"@id\":\"https:\/\/www.leitza.eus\/es\/#website\"},\"datePublished\":\"2020-05-21T09:07:59+00:00\",\"dateModified\":\"2020-07-26T06:23:09+00:00\",\"breadcrumb\":{\"@id\":\"https:\/\/www.leitza.eus\/es\/servicios\/servicio-de-deportes-anikote\/#breadcrumb\"},\"inLanguage\":\"es\",\"potentialAction\":[{\"@type\":\"ReadAction\",\"target\":[\"https:\/\/www.leitza.eus\/es\/servicios\/servicio-de-deportes-anikote\/\"]}]},{\"@type\":\"BreadcrumbList\",\"@id\":\"https:\/\/www.leitza.eus\/es\/servicios\/servicio-de-deportes-anikote\/#breadcrumb\",\"itemListElement\":[{\"@type\":\"ListItem\",\"position\":1,\"name\":\"Home\",\"item\":\"https:\/\/www.leitza.eus\/es\/\"},{\"@type\":\"ListItem\",\"position\":2,\"name\":\"Servicios\",\"item\":\"https:\/\/www.leitza.eus\/es\/servicios\/\"},{\"@type\":\"ListItem\",\"position\":3,\"name\":\"Servicio de deportes Anikote\"}]},{\"@type\":\"WebSite\",\"@id\":\"https:\/\/www.leitza.eus\/es\/#website\",\"url\":\"https:\/\/www.leitza.eus\/es\/\",\"name\":\"Leitzako udala\",\"description\":\"Leitzako udalaren webgunea\",\"potentialAction\":[{\"@type\":\"SearchAction\",\"target\":{\"@type\":\"EntryPoint\",\"urlTemplate\":\"https:\/\/www.leitza.eus\/es\/?s={search_term_string}\"},\"query-input\":\"required name=search_term_string\"}],\"inLanguage\":\"es\"}]}<\/script>\n<!-- \/ Yoast SEO plugin. -->","yoast_head_json":{"title":"Servicio de deportes Anikote - Leitzako udala","robots":{"index":"index","follow":"follow","max-snippet":"max-snippet:-1","max-image-preview":"max-image-preview:large","max-video-preview":"max-video-preview:-1"},"canonical":"https:\/\/www.leitza.eus\/es\/servicios\/servicio-de-deportes-anikote\/","og_locale":"es_ES","og_type":"article","og_title":"Servicio de deportes Anikote - Leitzako udala","og_url":"https:\/\/www.leitza.eus\/es\/servicios\/servicio-de-deportes-anikote\/","og_site_name":"Leitzako udala","article_modified_time":"2020-07-26T06:23:09+00:00","twitter_card":"summary_large_image","twitter_misc":{"Tiempo de lectura":"2 minutos"},"schema":{"@context":"https:\/\/schema.org","@graph":[{"@type":"WebPage","@id":"https:\/\/www.leitza.eus\/es\/servicios\/servicio-de-deportes-anikote\/","url":"https:\/\/www.leitza.eus\/es\/servicios\/servicio-de-deportes-anikote\/","name":"Servicio de deportes Anikote - Leitzako udala","isPartOf":{"@id":"https:\/\/www.leitza.eus\/es\/#website"},"datePublished":"2020-05-21T09:07:59+00:00","dateModified":"2020-07-26T06:23:09+00:00","breadcrumb":{"@id":"https:\/\/www.leitza.eus\/es\/servicios\/servicio-de-deportes-anikote\/#breadcrumb"},"inLanguage":"es","potentialAction":[{"@type":"ReadAction","target":["https:\/\/www.leitza.eus\/es\/servicios\/servicio-de-deportes-anikote\/"]}]},{"@type":"BreadcrumbList","@id":"https:\/\/www.leitza.eus\/es\/servicios\/servicio-de-deportes-anikote\/#breadcrumb","itemListElement":[{"@type":"ListItem","position":1,"name":"Home","item":"https:\/\/www.leitza.eus\/es\/"},{"@type":"ListItem","position":2,"name":"Servicios","item":"https:\/\/www.leitza.eus\/es\/servicios\/"},{"@type":"ListItem","position":3,"name":"Servicio de deportes Anikote"}]},{"@type":"WebSite","@id":"https:\/\/www.leitza.eus\/es\/#website","url":"https:\/\/www.leitza.eus\/es\/","name":"Leitzako udala","description":"Leitzako udalaren webgunea","potentialAction":[{"@type":"SearchAction","target":{"@type":"EntryPoint","urlTemplate":"https:\/\/www.leitza.eus\/es\/?s={search_term_string}"},"query-input":"required name=search_term_string"}],"inLanguage":"es"}]}},"_links":{"self":[{"href":"https:\/\/www.leitza.eus\/es\/wp-json\/wp\/v2\/pages\/9578"}],"collection":[{"href":"https:\/\/www.leitza.eus\/es\/wp-json\/wp\/v2\/pages"}],"about":[{"href":"https:\/\/www.leitza.eus\/es\/wp-json\/wp\/v2\/types\/page"}],"author":[{"embeddable":true,"href":"https:\/\/www.leitza.eus\/es\/wp-json\/wp\/v2\/users\/4"}],"replies":[{"embeddable":true,"href":"https:\/\/www.leitza.eus\/es\/wp-json\/wp\/v2\/comments?post=9578"}],"version-history":[{"count":7,"href":"https:\/\/www.leitza.eus\/es\/wp-json\/wp\/v2\/pages\/9578\/revisions"}],"predecessor-version":[{"id":10113,"href":"https:\/\/www.leitza.eus\/es\/wp-json\/wp\/v2\/pages\/9578\/revisions\/10113"}],"up":[{"embeddable":true,"href":"https:\/\/www.leitza.eus\/es\/wp-json\/wp\/v2\/pages\/9583"}],"wp:attachment":[{"href":"https:\/\/www.leitza.eus\/es\/wp-json\/wp\/v2\/media?parent=9578"}],"curies":[{"name":"wp","href":"https:\/\/api.w.org\/{rel}","templated":true}]}}